{"id":607,"date":"2024-08-28T14:22:39","date_gmt":"2024-08-28T12:22:39","guid":{"rendered":"https:\/\/aquaculture-solutions.fr\/?page_id=607"},"modified":"2024-08-28T14:22:40","modified_gmt":"2024-08-28T12:22:40","slug":"chantiers-aquacoles","status":"publish","type":"page","link":"https:\/\/aquaculture-solutions.fr\/en\/nos-services\/chantiers-aquacoles\/","title":{"rendered":"Aquaculture projects"},"content":{"rendered":"<p>We handle your aquaculture projects from A to Z, guiding you from design to commissioning, and beyond with maintenance and servicing.<\/p>\n\n\n\n<p><strong>Our service<\/strong><\/p>\n\n\n\n<ul class=\"wp-block-list\">\n<li class=\"translation-block\"><strong>Masonry<\/strong>: Basin preparation, installation of embedded components, cutting, core drilling, etc.<\/li>\n\n\n\n<li class=\"translation-block\"><strong>Electrical<\/strong>: Installation of electrical networks and systems.<\/li>\n\n\n\n<li class=\"translation-block\"><strong>Aquaculture piping<\/strong>: Installation of PVC pressure pipes, drainage systems, and HDPE piping.<\/li>\n\n\n\n<li class=\"translation-block\"><strong>Sealing<\/strong>: Installation of reinforced PVC membranes, liners, and resin coatings.<\/li>\n\n\n\n<li class=\"translation-block\"><strong>Handling of your tanks<\/strong>: Safe relocation and installation.<\/li>\n<\/ul>\n\n\n\n<p class=\"translation-block\">With <strong>Aquaculture Solutions<\/strong>, you benefit from comprehensive support for reliable and durable installations.<\/p>","protected":false},"excerpt":{"rendered":"<p>Nous prenons en charge vos projets aquacoles de A \u00e0 Z, en vous accompagnant de la conception \u00e0 la mise en eau, et au-del\u00e0 avec l&rsquo;entretien et la maintenance. Nos services : Avec Aquaculture Solutions, vous b\u00e9n\u00e9ficiez d\u2019un accompagnement complet pour des installations fiables et durables.<\/p>","protected":false},"author":1,"featured_media":0,"parent":13,"menu_order":0,"comment_status":"closed","ping_status":"closed","template":"","meta":{"_seopress_robots_primary_cat":"","_seopress_titles_title":"","_seopress_titles_desc":"","_seopress_robots_index":"","_themeisle_gutenberg_block_has_review":false,"footnotes":""},"class_list":["post-607","page","type-page","status-publish","hentry"],"_links":{"self":[{"href":"https:\/\/aquaculture-solutions.fr\/en\/wp-json\/wp\/v2\/pages\/607","targetHints":{"allow":["GET"]}}],"collection":[{"href":"https:\/\/aquaculture-solutions.fr\/en\/wp-json\/wp\/v2\/pages"}],"about":[{"href":"https:\/\/aquaculture-solutions.fr\/en\/wp-json\/wp\/v2\/types\/page"}],"author":[{"embeddable":true,"href":"https:\/\/aquaculture-solutions.fr\/en\/wp-json\/wp\/v2\/users\/1"}],"replies":[{"embeddable":true,"href":"https:\/\/aquaculture-solutions.fr\/en\/wp-json\/wp\/v2\/comments?post=607"}],"version-history":[{"count":1,"href":"https:\/\/aquaculture-solutions.fr\/en\/wp-json\/wp\/v2\/pages\/607\/revisions"}],"predecessor-version":[{"id":608,"href":"https:\/\/aquaculture-solutions.fr\/en\/wp-json\/wp\/v2\/pages\/607\/revisions\/608"}],"up":[{"embeddable":true,"href":"https:\/\/aquaculture-solutions.fr\/en\/wp-json\/wp\/v2\/pages\/13"}],"wp:attachment":[{"href":"https:\/\/aquaculture-solutions.fr\/en\/wp-json\/wp\/v2\/media?parent=607"}],"curies":[{"name":"wp","href":"https:\/\/api.w.org\/{rel}","templated":true}]}}