{"id":601,"date":"2024-08-28T14:16:07","date_gmt":"2024-08-28T12:16:07","guid":{"rendered":"https:\/\/aquaculture-solutions.fr\/?page_id=601"},"modified":"2024-08-28T14:22:15","modified_gmt":"2024-08-28T12:22:15","slug":"formation-professionnels-viviers-%f0%9f%a6%80","status":"publish","type":"page","link":"https:\/\/aquaculture-solutions.fr\/en\/nos-services\/formation-professionnels-viviers-%f0%9f%a6%80\/","title":{"rendered":"Professional Tank Training"},"content":{"rendered":"<p class=\"translation-block\">We offer comprehensive training, both <strong>theoretical and practical<\/strong>, specifically designed for employees working in fish markets. Whether you are in an independent establishment, a small, medium, or large retail environment, or working within purchasing centers, fish auctions, fish trading sites, or seafood wholesalers, this training is tailored to your needs.<\/p>\n\n\n\n<p><strong>The key aspects of the training include:<\/strong><\/p>\n\n\n\n<ul class=\"wp-block-list\">\n<li><strong>Biology and physiology of crustaceans<\/strong> <\/li>\n\n\n\n<li><strong>Management of physicochemical parameters<\/strong> <\/li>\n\n\n\n<li><strong>Best practices for handling<\/strong> <\/li>\n\n\n\n<li><strong>Daily monitoring<\/strong> <\/li>\n\n\n\n<li><strong>Equipment maintenance<\/strong> <\/li>\n\n\n\n<li><strong>Traceability and stock management<\/strong> <\/li>\n<\/ul>\n\n\n\n<p class=\"translation-block\">This training will enable you to <strong>master all the essential aspects<\/strong> for <strong>effective management of storage tanks<\/strong>.<\/p>\n\n\n\n<p><\/p>","protected":false},"excerpt":{"rendered":"<p>Nous proposons une formation compl\u00e8te, \u00e0 la fois th\u00e9orique et pratique, sp\u00e9cialement con\u00e7ue pour les employ\u00e9s travaillant en poissonnerie. Que vous soyez dans une structure ind\u00e9pendante, une petite, moyenne, ou grande surface, ou que vous travailliez au sein de centrales d&rsquo;achat, cri\u00e9es, sites de mareyage, ou grossistes en produits de &hellip;<\/p>","protected":false},"author":1,"featured_media":0,"parent":13,"menu_order":0,"comment_status":"closed","ping_status":"closed","template":"","meta":{"_seopress_robots_primary_cat":"","_seopress_titles_title":"","_seopress_titles_desc":"","_seopress_robots_index":"","_themeisle_gutenberg_block_has_review":false,"footnotes":""},"class_list":["post-601","page","type-page","status-publish","hentry"],"_links":{"self":[{"href":"https:\/\/aquaculture-solutions.fr\/en\/wp-json\/wp\/v2\/pages\/601","targetHints":{"allow":["GET"]}}],"collection":[{"href":"https:\/\/aquaculture-solutions.fr\/en\/wp-json\/wp\/v2\/pages"}],"about":[{"href":"https:\/\/aquaculture-solutions.fr\/en\/wp-json\/wp\/v2\/types\/page"}],"author":[{"embeddable":true,"href":"https:\/\/aquaculture-solutions.fr\/en\/wp-json\/wp\/v2\/users\/1"}],"replies":[{"embeddable":true,"href":"https:\/\/aquaculture-solutions.fr\/en\/wp-json\/wp\/v2\/comments?post=601"}],"version-history":[{"count":4,"href":"https:\/\/aquaculture-solutions.fr\/en\/wp-json\/wp\/v2\/pages\/601\/revisions"}],"predecessor-version":[{"id":610,"href":"https:\/\/aquaculture-solutions.fr\/en\/wp-json\/wp\/v2\/pages\/601\/revisions\/610"}],"up":[{"embeddable":true,"href":"https:\/\/aquaculture-solutions.fr\/en\/wp-json\/wp\/v2\/pages\/13"}],"wp:attachment":[{"href":"https:\/\/aquaculture-solutions.fr\/en\/wp-json\/wp\/v2\/media?parent=601"}],"curies":[{"name":"wp","href":"https:\/\/api.w.org\/{rel}","templated":true}]}}