{"id":584,"date":"2024-08-26T11:21:22","date_gmt":"2024-08-26T09:21:22","guid":{"rendered":"https:\/\/aquaculture-solutions.fr\/?page_id=584"},"modified":"2026-05-10T16:03:22","modified_gmt":"2026-05-10T14:03:22","slug":"bureau-detudes-aquacole","status":"publish","type":"page","link":"https:\/\/aquaculture-solutions.fr\/en\/nos-services\/bureau-detudes-aquacole\/","title":{"rendered":"Aquaculture engineering office"},"content":{"rendered":"<h3 class=\"wp-block-heading\">Our expertise at your service:<\/h3>\n\n\n\n<p class=\"translation-block\">The <strong>aquaculture engineering office<\/strong> at <strong>Aquaculture Solutions<\/strong> specializes in the design and optimization of your aquaculture projects. By utilizing innovative technologies, we strive to offer efficient, sustainable, and energy-saving solutions, while providing customized support.<\/p>\n\n\n\n<p><strong>Our areas of expertise:<\/strong><\/p>\n\n\n\n<ul class=\"wp-block-list\">\n<li>RAS systems for freshwater and marine aquaculture<\/li>\n\n\n\n<li>Conversion of fish farming sites to recirculating systems<\/li>\n\n\n\n<li>Aquaculture cultures: frogs, shrimp, spirulina, ornamental species<\/li>\n\n\n\n<li>Marine hatcheries, microalgae, and live feed<\/li>\n\n\n\n<li>Storage tank for crustaceans and shellfish<\/li>\n\n\n\n<li>Purification systems for shellfish farming<\/li>\n\n\n\n<li>Aquaponics<\/li>\n<\/ul>\n\n\n\n<p class=\"translation-block\">We carry out your <strong>feasibility studies<\/strong>, <strong>modeling<\/strong>, and <strong>technical plans<\/strong>, while supporting you throughout your projects.<\/p>\n\n\n\n<figure class=\"wp-block-gallery has-nested-images columns-default is-cropped wp-block-gallery-1 is-layout-flex wp-block-gallery-is-layout-flex\">\n<figure class=\"wp-block-image size-large\"><img fetchpriority=\"high\" decoding=\"async\" width=\"1024\" height=\"576\" data-id=\"317\" src=\"https:\/\/aquaculture-solutions.fr\/wp-content\/uploads\/2023\/05\/Batiment-complet-ISO-1-1024x576.png\" alt=\"Vue ISO 3D du b\u00e2timent Aquaculture Solutions\" class=\"wp-image-317\" srcset=\"https:\/\/aquaculture-solutions.fr\/wp-content\/uploads\/2023\/05\/Batiment-complet-ISO-1-1024x576.png 1024w, https:\/\/aquaculture-solutions.fr\/wp-content\/uploads\/2023\/05\/Batiment-complet-ISO-1-300x169.png 300w, https:\/\/aquaculture-solutions.fr\/wp-content\/uploads\/2023\/05\/Batiment-complet-ISO-1-768x432.png 768w, https:\/\/aquaculture-solutions.fr\/wp-content\/uploads\/2023\/05\/Batiment-complet-ISO-1-1536x864.png 1536w, https:\/\/aquaculture-solutions.fr\/wp-content\/uploads\/2023\/05\/Batiment-complet-ISO-1-2048x1152.png 2048w, https:\/\/aquaculture-solutions.fr\/wp-content\/uploads\/2023\/05\/Batiment-complet-ISO-1-355x200.png 355w\" sizes=\"(max-width: 1024px) 100vw, 1024px\" \/><\/figure>\n\n\n\n<figure class=\"wp-block-image size-large\"><img decoding=\"async\" width=\"1024\" height=\"819\" data-id=\"596\" src=\"https:\/\/aquaculture-solutions.fr\/wp-content\/uploads\/2024\/08\/Masse-ELeclerc_St_Gregoire_2023-Oct-09_01-07-48PM-000_CustomizedView37039966313_png_alpha-1024x819.png\" alt=\"Conception 3D du vivier crustac\u00e9s E.Leclerc Saint-Gr\u00e9goire\" class=\"wp-image-596\" srcset=\"https:\/\/aquaculture-solutions.fr\/wp-content\/uploads\/2024\/08\/Masse-ELeclerc_St_Gregoire_2023-Oct-09_01-07-48PM-000_CustomizedView37039966313_png_alpha-1024x819.png 1024w, https:\/\/aquaculture-solutions.fr\/wp-content\/uploads\/2024\/08\/Masse-ELeclerc_St_Gregoire_2023-Oct-09_01-07-48PM-000_CustomizedView37039966313_png_alpha-300x240.png 300w, https:\/\/aquaculture-solutions.fr\/wp-content\/uploads\/2024\/08\/Masse-ELeclerc_St_Gregoire_2023-Oct-09_01-07-48PM-000_CustomizedView37039966313_png_alpha-768x614.png 768w, https:\/\/aquaculture-solutions.fr\/wp-content\/uploads\/2024\/08\/Masse-ELeclerc_St_Gregoire_2023-Oct-09_01-07-48PM-000_CustomizedView37039966313_png_alpha-250x200.png 250w, https:\/\/aquaculture-solutions.fr\/wp-content\/uploads\/2024\/08\/Masse-ELeclerc_St_Gregoire_2023-Oct-09_01-07-48PM-000_CustomizedView37039966313_png_alpha.png 1280w\" sizes=\"(max-width: 1024px) 100vw, 1024px\" \/><\/figure>\n\n\n\n<figure class=\"wp-block-image size-large\"><img decoding=\"async\" width=\"1024\" height=\"576\" data-id=\"597\" src=\"https:\/\/aquaculture-solutions.fr\/wp-content\/uploads\/2024\/08\/iso-1024x576.png\" alt=\"Sch\u00e9ma ISO conception bureau d&#039;\u00e9tudes aquacole\" class=\"wp-image-597\" srcset=\"https:\/\/aquaculture-solutions.fr\/wp-content\/uploads\/2024\/08\/iso-1024x576.png 1024w, https:\/\/aquaculture-solutions.fr\/wp-content\/uploads\/2024\/08\/iso-300x169.png 300w, https:\/\/aquaculture-solutions.fr\/wp-content\/uploads\/2024\/08\/iso-768x432.png 768w, https:\/\/aquaculture-solutions.fr\/wp-content\/uploads\/2024\/08\/iso-355x200.png 355w, https:\/\/aquaculture-solutions.fr\/wp-content\/uploads\/2024\/08\/iso.png 1080w\" sizes=\"(max-width: 1024px) 100vw, 1024px\" \/><\/figure>\n<\/figure>","protected":false},"excerpt":{"rendered":"<p>Notre expertise \u00e0 votre service : Le bureau d&rsquo;\u00e9tudes aquacole d&rsquo;Aquaculture Solutions se sp\u00e9cialise dans la conception et l&rsquo;optimisation de vos projets aquacoles. Gr\u00e2ce \u00e0 l\u2019utilisation de technologies innovantes, nous nous effor\u00e7ons de proposer des solutions performantes, durables, et \u00e0 faible consommation \u00e9nerg\u00e9tique, tout en offrant un accompagnement sur mesure. &hellip;<\/p>","protected":false},"author":1,"featured_media":0,"parent":13,"menu_order":0,"comment_status":"closed","ping_status":"closed","template":"elementor_header_footer","meta":{"_seopress_robots_primary_cat":"","_seopress_titles_title":"","_seopress_titles_desc":"","_seopress_robots_index":"","_themeisle_gutenberg_block_has_review":false,"footnotes":""},"class_list":["post-584","page","type-page","status-publish","hentry"],"_links":{"self":[{"href":"https:\/\/aquaculture-solutions.fr\/en\/wp-json\/wp\/v2\/pages\/584","targetHints":{"allow":["GET"]}}],"collection":[{"href":"https:\/\/aquaculture-solutions.fr\/en\/wp-json\/wp\/v2\/pages"}],"about":[{"href":"https:\/\/aquaculture-solutions.fr\/en\/wp-json\/wp\/v2\/types\/page"}],"author":[{"embeddable":true,"href":"https:\/\/aquaculture-solutions.fr\/en\/wp-json\/wp\/v2\/users\/1"}],"replies":[{"embeddable":true,"href":"https:\/\/aquaculture-solutions.fr\/en\/wp-json\/wp\/v2\/comments?post=584"}],"version-history":[{"count":11,"href":"https:\/\/aquaculture-solutions.fr\/en\/wp-json\/wp\/v2\/pages\/584\/revisions"}],"predecessor-version":[{"id":1130,"href":"https:\/\/aquaculture-solutions.fr\/en\/wp-json\/wp\/v2\/pages\/584\/revisions\/1130"}],"up":[{"embeddable":true,"href":"https:\/\/aquaculture-solutions.fr\/en\/wp-json\/wp\/v2\/pages\/13"}],"wp:attachment":[{"href":"https:\/\/aquaculture-solutions.fr\/en\/wp-json\/wp\/v2\/media?parent=584"}],"curies":[{"name":"wp","href":"https:\/\/api.w.org\/{rel}","templated":true}]}}