{"id":173,"date":"2023-02-09T14:56:39","date_gmt":"2023-02-09T13:56:39","guid":{"rendered":"https:\/\/aquaculture-solutions.fr\/?page_id=173"},"modified":"2023-11-18T09:06:21","modified_gmt":"2023-11-18T08:06:21","slug":"notre-entreprise-2","status":"publish","type":"page","link":"https:\/\/aquaculture-solutions.fr\/en\/notre-entreprise-2\/","title":{"rendered":"Our company"},"content":{"rendered":"<p><strong>Aquaculture Solutions is a Breton company specializing in the design of aquaculture production and holding systems, as well as the creation of tanks for fish trade, shellfish farming, and the restaurant industry. We operate throughout France, Europe, and Quebec.<\/strong><\/p>\n\n\n\n<p><\/p>\n\n\n\n<p>With 6 years of experience, we are capable of delivering projects tailored to our clients' needs and constraints. We work closely with them to understand their requirements and provide customized solutions. <\/p>\n\n\n\n<p><\/p>\n\n\n\n<p>Our goal is to provide innovative, efficient, and robust technology.<\/p>\n\n\n\n<p><\/p>\n\n\n\n<p>In addition to our expertise in aquaculture, we also offer maintenance, troubleshooting, renovation, and consulting services. We look forward to working with you and helping you succeed in your project. <\/p>\n\n\n\n<p><\/p>\n\n\n\n<p>To learn more about what we can offer, feel free to <a href=\"https:\/\/aquaculture-solutions.fr\/index.php\/nous-contacter\/\">contact us.<\/a>.<\/p>\n\n\n\n<figure class=\"wp-block-image aligncenter size-full\"><img fetchpriority=\"high\" decoding=\"async\" width=\"450\" height=\"173\" src=\"https:\/\/aquaculture-solutions.fr\/wp-content\/uploads\/2023\/02\/LOGO-4.png\" alt=\"\" class=\"wp-image-136\" srcset=\"https:\/\/aquaculture-solutions.fr\/wp-content\/uploads\/2023\/02\/LOGO-4.png 450w, https:\/\/aquaculture-solutions.fr\/wp-content\/uploads\/2023\/02\/LOGO-4-300x115.png 300w\" sizes=\"(max-width: 450px) 100vw, 450px\" \/><\/figure>","protected":false},"excerpt":{"rendered":"<p>Aquaculture Solutions est une entreprise bretonne sp\u00e9cialis\u00e9e dans la conception de circuits de production et de stabulation aquacole, ainsi que dans la cr\u00e9ation de viviers pour le mareyage, la conchyliculture et la restauration. Nous intervenons dans la France enti\u00e8re et en Europe. Fort de 6 ans d&rsquo;exp\u00e9rience, nous sommes en &hellip;<\/p>","protected":false},"author":1,"featured_media":0,"parent":0,"menu_order":0,"comment_status":"closed","ping_status":"closed","template":"","meta":{"_seopress_robots_primary_cat":"","_seopress_titles_title":"","_seopress_titles_desc":"","_seopress_robots_index":"","_themeisle_gutenberg_block_has_review":false,"footnotes":""},"class_list":["post-173","page","type-page","status-publish","hentry"],"_links":{"self":[{"href":"https:\/\/aquaculture-solutions.fr\/en\/wp-json\/wp\/v2\/pages\/173","targetHints":{"allow":["GET"]}}],"collection":[{"href":"https:\/\/aquaculture-solutions.fr\/en\/wp-json\/wp\/v2\/pages"}],"about":[{"href":"https:\/\/aquaculture-solutions.fr\/en\/wp-json\/wp\/v2\/types\/page"}],"author":[{"embeddable":true,"href":"https:\/\/aquaculture-solutions.fr\/en\/wp-json\/wp\/v2\/users\/1"}],"replies":[{"embeddable":true,"href":"https:\/\/aquaculture-solutions.fr\/en\/wp-json\/wp\/v2\/comments?post=173"}],"version-history":[{"count":5,"href":"https:\/\/aquaculture-solutions.fr\/en\/wp-json\/wp\/v2\/pages\/173\/revisions"}],"predecessor-version":[{"id":518,"href":"https:\/\/aquaculture-solutions.fr\/en\/wp-json\/wp\/v2\/pages\/173\/revisions\/518"}],"wp:attachment":[{"href":"https:\/\/aquaculture-solutions.fr\/en\/wp-json\/wp\/v2\/media?parent=173"}],"curies":[{"name":"wp","href":"https:\/\/api.w.org\/{rel}","templated":true}]}}