{"id":13,"date":"2022-12-25T21:00:29","date_gmt":"2022-12-25T20:00:29","guid":{"rendered":"https:\/\/aquaculture-solutions.fr\/?page_id=13"},"modified":"2023-11-11T20:13:53","modified_gmt":"2023-11-11T19:13:53","slug":"nos-services","status":"publish","type":"page","link":"https:\/\/aquaculture-solutions.fr\/en\/nos-services\/","title":{"rendered":"Our service"},"content":{"rendered":"<p>Aquaculture Solutions is a company specializing in the design and creation of aquaculture systems. Our experience in engineering allows us to undertake custom projects tailored to our clients' needs. We also offer glass display tanks and insulated storage tanks.<\/p>\n\n\n\n<p>Here is a list of our main services:<\/p>\n\n\n\n<ul class=\"wp-block-list\">\n<li><strong>Design of aquaculture production and holding systems<\/strong><\/li>\n\n\n\n<li><strong>Creation of tanks for fish trade, shellfish farming, and the restaurant industry<\/strong><\/li>\n\n\n\n<li><strong>Maintenance, troubleshooting, renovation, and consulting services<\/strong><\/li>\n<\/ul>\n\n\n\n<p>Nous sommes impatients de travailler avec vous et de vous aider \u00e0 r\u00e9ussir dans votre projet.<\/p>\n\n\n\n<p class=\"translation-block\">If you would like to learn more about the services we offer, feel free to <a href=\"https:\/\/aquaculture-solutions.fr\/index.php\/nous-contacter\/\" target=\"_self\">contact us<\/a>.<\/p>","protected":false},"excerpt":{"rendered":"<p>Aquaculture Solutions est une entreprise sp\u00e9cialis\u00e9e dans la conception et la cr\u00e9ation de syst\u00e8mes aquacole. Notre exp\u00e9rience en bureau d\u2019\u00e9tudes nous permet de r\u00e9aliser des projets sur mesure, adapt\u00e9s aux besoins de nos clients. Nous vous proposons \u00e9galement des viviers de pr\u00e9sentation en verre ou de stockage en bac isotherme. &hellip;<\/p>","protected":false},"author":1,"featured_media":0,"parent":0,"menu_order":2,"comment_status":"closed","ping_status":"closed","template":"","meta":{"_seopress_robots_primary_cat":"","_seopress_titles_title":"","_seopress_titles_desc":"","_seopress_robots_index":"","_themeisle_gutenberg_block_has_review":false,"footnotes":""},"class_list":["post-13","page","type-page","status-publish","hentry"],"_links":{"self":[{"href":"https:\/\/aquaculture-solutions.fr\/en\/wp-json\/wp\/v2\/pages\/13","targetHints":{"allow":["GET"]}}],"collection":[{"href":"https:\/\/aquaculture-solutions.fr\/en\/wp-json\/wp\/v2\/pages"}],"about":[{"href":"https:\/\/aquaculture-solutions.fr\/en\/wp-json\/wp\/v2\/types\/page"}],"author":[{"embeddable":true,"href":"https:\/\/aquaculture-solutions.fr\/en\/wp-json\/wp\/v2\/users\/1"}],"replies":[{"embeddable":true,"href":"https:\/\/aquaculture-solutions.fr\/en\/wp-json\/wp\/v2\/comments?post=13"}],"version-history":[{"count":5,"href":"https:\/\/aquaculture-solutions.fr\/en\/wp-json\/wp\/v2\/pages\/13\/revisions"}],"predecessor-version":[{"id":86,"href":"https:\/\/aquaculture-solutions.fr\/en\/wp-json\/wp\/v2\/pages\/13\/revisions\/86"}],"wp:attachment":[{"href":"https:\/\/aquaculture-solutions.fr\/en\/wp-json\/wp\/v2\/media?parent=13"}],"curies":[{"name":"wp","href":"https:\/\/api.w.org\/{rel}","templated":true}]}}